{"id":20,"date":"2023-11-02T09:22:21","date_gmt":"2023-11-02T09:22:21","guid":{"rendered":"https:\/\/ceafsn.uem.mz\/?page_id=20"},"modified":"2023-12-07T10:41:48","modified_gmt":"2023-12-07T10:41:48","slug":"mestrado","status":"publish","type":"page","link":"https:\/\/ceafsn.uem.mz\/index.php\/mestrado\/","title":{"rendered":"Mestrado"},"content":{"rendered":"\t\t<div data-elementor-type=\"wp-page\" data-elementor-id=\"20\" class=\"elementor elementor-20\">\n\t\t\t\t\t\t\t<div class=\"elementor-element elementor-element-a942d5d e-flex e-con-boxed e-con e-parent\" data-id=\"a942d5d\" data-element_type=\"container\" data-settings=\"{&quot;content_width&quot;:&quot;boxed&quot;}\" data-core-v316-plus=\"true\">\n\t\t\t\t\t<div class=\"e-con-inner\">\n\t\t\t\t<div class=\"elementor-element elementor-element-63c2a29 elementor-widget elementor-widget-text-editor\" data-id=\"63c2a29\" data-element_type=\"widget\" data-widget_type=\"text-editor.default\">\n\t\t\t\t<div class=\"elementor-widget-container\">\n\t\t\t<style>\/*! elementor - v3.18.0 - 06-12-2023 *\/\n.elementor-widget-text-editor.elementor-drop-cap-view-stacked .elementor-drop-cap{background-color:#69727d;color:#fff}.elementor-widget-text-editor.elementor-drop-cap-view-framed .elementor-drop-cap{color:#69727d;border:3px solid;background-color:transparent}.elementor-widget-text-editor:not(.elementor-drop-cap-view-default) .elementor-drop-cap{margin-top:8px}.elementor-widget-text-editor:not(.elementor-drop-cap-view-default) .elementor-drop-cap-letter{width:1em;height:1em}.elementor-widget-text-editor .elementor-drop-cap{float:left;text-align:center;line-height:1;font-size:50px}.elementor-widget-text-editor .elementor-drop-cap-letter{display:inline-block}<\/style>\t\t\t\t<table width=\"535\"><tbody><tr><td width=\"436\"><p><strong>Row Labels<\/strong><\/p><\/td><td width=\"99\"><p><strong>Count of Curso<\/strong><\/p><\/td><\/tr><tr><td width=\"436\"><p><strong>ESUDER<\/strong><\/p><\/td><td width=\"99\"><p><strong>12<\/strong><\/p><\/td><\/tr><tr><td width=\"436\"><p>Mestrado em Agricultura Sustent\u00e1vel<\/p><\/td><td width=\"99\"><p>12<\/p><\/td><\/tr><tr><td width=\"436\"><p><strong>FACED<\/strong><\/p><\/td><td width=\"99\"><p><strong>14<\/strong><\/p><\/td><\/tr><tr><td width=\"436\"><p>Doutoramento em Bioci\u00eancias e Sa\u00fade P\u00fablica<\/p><\/td><td width=\"99\"><p>8<\/p><\/td><\/tr><tr><td width=\"436\"><p>Mestrado em Nutri\u00e7\u00e3o<\/p><\/td><td width=\"99\"><p>6<\/p><\/td><\/tr><tr><td width=\"436\"><p><strong>FAEF<\/strong><\/p><\/td><td width=\"99\"><p><strong>105<\/strong><\/p><\/td><\/tr><tr><td width=\"436\"><p>Doutoramento em Agronomia &#8211; Ramo de Gest\u00e3o de Solos e \u00c1gua<\/p><\/td><td width=\"99\"><p>8<\/p><\/td><\/tr><tr><td width=\"436\"><p>Doutoramento em Agronomia &#8211; Ramo de Prote\u00e7\u00e3o de Plantas<\/p><\/td><td width=\"99\"><p>9<\/p><\/td><\/tr><tr><td width=\"436\"><p>Doutoramento em Gest\u00e3o e Pol\u00edticas Agroalimentares<\/p><\/td><td width=\"99\"><p>10<\/p><\/td><\/tr><tr><td width=\"436\"><p>Mestrado e Mudan\u00e7as Clim\u00e1ticas em Sistemas Agr\u00e1rios<\/p><\/td><td width=\"99\"><p>17<\/p><\/td><\/tr><tr><td width=\"436\"><p>Mestrado em Desenvolvimento Rural<\/p><\/td><td width=\"99\"><p>7<\/p><\/td><\/tr><tr><td width=\"436\"><p>Mestrado em Economia Agr\u00e1ria<\/p><\/td><td width=\"99\"><p>12<\/p><\/td><\/tr><tr><td width=\"436\"><p>Mestrado em Gest\u00e3o de Solos e \u00c1gua<\/p><\/td><td width=\"99\"><p>5<\/p><\/td><\/tr><tr><td width=\"436\"><p>Mestrado em Melhoramento de Plantas e Sistemas de Sementes<\/p><\/td><td width=\"99\"><p>15<\/p><\/td><\/tr><tr><td width=\"436\"><p>Mestrado em Produ\u00e7\u00e3o Vegetal<\/p><\/td><td width=\"99\"><p>3<\/p><\/td><\/tr><tr><td width=\"436\"><p>Mestrado em Protec\u00e7\u00e3o de Plantas<\/p><\/td><td width=\"99\"><p>12<\/p><\/td><\/tr><tr><td width=\"436\"><p>Doutoramento em Agronomia &#8211; Ramo de Produ\u00e7\u00e3o Vegetal<\/p><\/td><td width=\"99\"><p>7<\/p><\/td><\/tr><tr><td width=\"436\"><p><strong>FAENG<\/strong><\/p><\/td><td width=\"99\"><p><strong>18<\/strong><\/p><\/td><\/tr><tr><td width=\"436\"><p>Doutoramento em Ci\u00eancia e Tecnologia de Alimentos<\/p><\/td><td width=\"99\"><p>13<\/p><\/td><\/tr><tr><td width=\"436\"><p>Mestrado em Tecnologia de Alimentos<\/p><\/td><td width=\"99\"><p>5<\/p><\/td><\/tr><tr><td width=\"436\"><p><strong>FAVET<\/strong><\/p><\/td><td width=\"99\"><p><strong>32<\/strong><\/p><\/td><\/tr><tr><td width=\"436\"><p>Doutoramento em Bioci\u00eancias e Sa\u00fade P\u00fablica<\/p><\/td><td width=\"99\"><p>4<\/p><\/td><\/tr><tr><td width=\"436\"><p>Mestrado em Biotecnologia<\/p><\/td><td width=\"99\"><p>2<\/p><\/td><\/tr><tr><td width=\"436\"><p>Mestrado em Seguran\u00e7a de Alimentos<\/p><\/td><td width=\"99\"><p>16<\/p><\/td><\/tr><tr><td width=\"436\"><p>Mestrado em Tecnologia de Alimentos<\/p><\/td><td width=\"99\"><p>10<\/p><\/td><\/tr><tr><td width=\"436\"><p><strong>ISPG<\/strong><\/p><\/td><td width=\"99\"><p><strong>10<\/strong><\/p><\/td><\/tr><tr><td width=\"436\"><p>Mudan\u00e7as Clim\u00e1ticas e Gest\u00e3o de Recursos Naturais<\/p><\/td><td width=\"99\"><p>8<\/p><\/td><\/tr><tr><td width=\"436\"><p>Mestrado em Agroecologia<\/p><\/td><td width=\"99\"><p>2<\/p><\/td><\/tr><tr><td width=\"436\"><p><strong>Grand Total<\/strong><\/p><\/td><td width=\"99\"><p><strong>191<\/strong><\/p><\/td><\/tr><\/tbody><\/table><p>\u00a0<\/p>\t\t\t\t\t\t<\/div>\n\t\t\t\t<\/div>\n\t\t\t\t\t<\/div>\n\t\t\t\t<\/div>\n\t\t\t\t\t\t\t<\/div>\n\t\t","protected":false},"excerpt":{"rendered":"<p>Row Labels Count of Curso ESUDER 12 Mestrado em Agricultura Sustent\u00e1vel 12 FACED 14 Doutoramento em Bioci\u00eancias e Sa\u00fade P\u00fablica 8 Mestrado em Nutri\u00e7\u00e3o 6 FAEF 105 Doutoramento em Agronomia &#8211; Ramo de Gest\u00e3o de Solos e \u00c1gua 8 Doutoramento em Agronomia &#8211; Ramo de Prote\u00e7\u00e3o de Plantas 9 Doutoramento em Gest\u00e3o e Pol\u00edticas Agroalimentares &hellip;<\/p>\n<p class=\"read-more\"> <a class=\"\" href=\"https:\/\/ceafsn.uem.mz\/index.php\/mestrado\/\"> <span class=\"screen-reader-text\">Mestrado<\/span> Read More &raquo;<\/a><\/p>\n","protected":false},"author":1,"featured_media":0,"parent":0,"menu_order":0,"comment_status":"closed","ping_status":"closed","template":"","meta":{"site-sidebar-layout":"no-sidebar","site-content-layout":"","ast-site-content-layout":"full-width-container","site-content-style":"default","site-sidebar-style":"default","ast-global-header-display":"","ast-banner-title-visibility":"","ast-main-header-display":"","ast-hfb-above-header-display":"","ast-hfb-below-header-display":"","ast-hfb-mobile-header-display":"","site-post-title":"disabled","ast-breadcrumbs-content":"","ast-featured-img":"disabled","footer-sml-layout":"","theme-transparent-header-meta":"","adv-header-id-meta":"","stick-header-meta":"","header-above-stick-meta":"","header-main-stick-meta":"","header-below-stick-meta":"","astra-migrate-meta-layouts":"","ast-page-background-enabled":"default","ast-page-background-meta":{"desktop":{"background-color":"var(--ast-global-color-4)","background-image":"","background-repeat":"repeat","background-position":"center center","background-size":"auto","background-attachment":"scroll","background-type":"","background-media":"","overlay-type":"","overlay-color":"","overlay-gradient":""},"tablet":{"background-color":"","background-image":"","background-repeat":"repeat","background-position":"center center","background-size":"auto","background-attachment":"scroll","background-type":"","background-media":"","overlay-type":"","overlay-color":"","overlay-gradient":""},"mobile":{"background-color":"","background-image":"","background-repeat":"repeat","background-position":"center center","background-size":"auto","background-attachment":"scroll","background-type":"","background-media":"","overlay-type":"","overlay-color":"","overlay-gradient":""}},"ast-content-background-meta":{"desktop":{"background-color":"var(--ast-global-color-5)","background-image":"","background-repeat":"repeat","background-position":"center center","background-size":"auto","background-attachment":"scroll","background-type":"","background-media":"","overlay-type":"","overlay-color":"","overlay-gradient":""},"tablet":{"background-color":"var(--ast-global-color-5)","background-image":"","background-repeat":"repeat","background-position":"center center","background-size":"auto","background-attachment":"scroll","background-type":"","background-media":"","overlay-type":"","overlay-color":"","overlay-gradient":""},"mobile":{"background-color":"var(--ast-global-color-5)","background-image":"","background-repeat":"repeat","background-position":"center center","background-size":"auto","background-attachment":"scroll","background-type":"","background-media":"","overlay-type":"","overlay-color":"","overlay-gradient":""}},"footnotes":""},"class_list":["post-20","page","type-page","status-publish","hentry"],"_links":{"self":[{"href":"https:\/\/ceafsn.uem.mz\/index.php\/wp-json\/wp\/v2\/pages\/20","targetHints":{"allow":["GET"]}}],"collection":[{"href":"https:\/\/ceafsn.uem.mz\/index.php\/wp-json\/wp\/v2\/pages"}],"about":[{"href":"https:\/\/ceafsn.uem.mz\/index.php\/wp-json\/wp\/v2\/types\/page"}],"author":[{"embeddable":true,"href":"https:\/\/ceafsn.uem.mz\/index.php\/wp-json\/wp\/v2\/users\/1"}],"replies":[{"embeddable":true,"href":"https:\/\/ceafsn.uem.mz\/index.php\/wp-json\/wp\/v2\/comments?post=20"}],"version-history":[{"count":4,"href":"https:\/\/ceafsn.uem.mz\/index.php\/wp-json\/wp\/v2\/pages\/20\/revisions"}],"predecessor-version":[{"id":128,"href":"https:\/\/ceafsn.uem.mz\/index.php\/wp-json\/wp\/v2\/pages\/20\/revisions\/128"}],"wp:attachment":[{"href":"https:\/\/ceafsn.uem.mz\/index.php\/wp-json\/wp\/v2\/media?parent=20"}],"curies":[{"name":"wp","href":"https:\/\/api.w.org\/{rel}","templated":true}]}}