{"id":22,"date":"2023-11-02T09:42:43","date_gmt":"2023-11-02T09:42:43","guid":{"rendered":"https:\/\/ceafsn.uem.mz\/?page_id=22"},"modified":"2025-07-22T14:41:19","modified_gmt":"2025-07-22T14:41:19","slug":"cursos-de-curta-duracao-investigacao-e-extensao","status":"publish","type":"page","link":"https:\/\/ceafsn.uem.mz\/index.php\/cursos-de-curta-duracao-investigacao-e-extensao\/","title":{"rendered":"Cursos de Curta Dura\u00e7\u00e3o Investiga\u00e7\u00e3o e Extens\u00e3o"},"content":{"rendered":"\t\t<div data-elementor-type=\"wp-page\" data-elementor-id=\"22\" class=\"elementor elementor-22\">\n\t\t\t\t\t\t\t<div class=\"elementor-element elementor-element-c3a26c6 e-flex e-con-boxed e-con e-parent\" data-id=\"c3a26c6\" data-element_type=\"container\" data-settings=\"{&quot;content_width&quot;:&quot;boxed&quot;}\" data-core-v316-plus=\"true\">\n\t\t\t\t\t<div class=\"e-con-inner\">\n\t\t\t\t<div class=\"elementor-element elementor-element-af3155d elementor-widget elementor-widget-heading\" data-id=\"af3155d\" data-element_type=\"widget\" data-widget_type=\"heading.default\">\n\t\t\t\t<div class=\"elementor-widget-container\">\n\t\t\t<style>\/*! elementor - v3.18.0 - 06-12-2023 *\/\n.elementor-heading-title{padding:0;margin:0;line-height:1}.elementor-widget-heading .elementor-heading-title[class*=elementor-size-]>a{color:inherit;font-size:inherit;line-height:inherit}.elementor-widget-heading .elementor-heading-title.elementor-size-small{font-size:15px}.elementor-widget-heading .elementor-heading-title.elementor-size-medium{font-size:19px}.elementor-widget-heading .elementor-heading-title.elementor-size-large{font-size:29px}.elementor-widget-heading .elementor-heading-title.elementor-size-xl{font-size:39px}.elementor-widget-heading .elementor-heading-title.elementor-size-xxl{font-size:59px}<\/style><h2 class=\"elementor-heading-title elementor-size-default\">Curso de Curta Dura\u00e7\u00e3o, Investiga\u00e7\u00e3o e Extens\u00e3o<\/h2>\t\t<\/div>\n\t\t\t\t<\/div>\n\t\t\t\t\t<\/div>\n\t\t\t\t<\/div>\n\t\t<div class=\"elementor-element elementor-element-2a35d62 e-flex e-con-boxed e-con e-parent\" data-id=\"2a35d62\" data-element_type=\"container\" data-settings=\"{&quot;content_width&quot;:&quot;boxed&quot;}\" data-core-v316-plus=\"true\">\n\t\t\t\t\t<div class=\"e-con-inner\">\n\t\t\t\t<div class=\"elementor-element elementor-element-fc708f6 elementor-widget elementor-widget-toggle\" data-id=\"fc708f6\" data-element_type=\"widget\" data-widget_type=\"toggle.default\">\n\t\t\t\t<div class=\"elementor-widget-container\">\n\t\t\t<style>\/*! elementor - v3.18.0 - 06-12-2023 *\/\n.elementor-toggle{text-align:left}.elementor-toggle .elementor-tab-title{font-weight:700;line-height:1;margin:0;padding:15px;border-bottom:1px solid #d5d8dc;cursor:pointer;outline:none}.elementor-toggle .elementor-tab-title .elementor-toggle-icon{display:inline-block;width:1em}.elementor-toggle .elementor-tab-title .elementor-toggle-icon svg{margin-inline-start:-5px;width:1em;height:1em}.elementor-toggle .elementor-tab-title .elementor-toggle-icon.elementor-toggle-icon-right{float:right;text-align:right}.elementor-toggle .elementor-tab-title .elementor-toggle-icon.elementor-toggle-icon-left{float:left;text-align:left}.elementor-toggle .elementor-tab-title .elementor-toggle-icon .elementor-toggle-icon-closed{display:block}.elementor-toggle .elementor-tab-title .elementor-toggle-icon .elementor-toggle-icon-opened{display:none}.elementor-toggle .elementor-tab-title.elementor-active{border-bottom:none}.elementor-toggle .elementor-tab-title.elementor-active .elementor-toggle-icon-closed{display:none}.elementor-toggle .elementor-tab-title.elementor-active .elementor-toggle-icon-opened{display:block}.elementor-toggle .elementor-tab-content{padding:15px;border-bottom:1px solid #d5d8dc;display:none}@media (max-width:767px){.elementor-toggle .elementor-tab-title{padding:12px}.elementor-toggle .elementor-tab-content{padding:12px 10px}}.e-con-inner>.elementor-widget-toggle,.e-con>.elementor-widget-toggle{width:var(--container-widget-width);--flex-grow:var(--container-widget-flex-grow)}<\/style>\t\t<div class=\"elementor-toggle\">\n\t\t\t\t\t\t\t<div class=\"elementor-toggle-item\">\n\t\t\t\t\t<div id=\"elementor-tab-title-2641\" class=\"elementor-tab-title\" data-tab=\"1\" role=\"button\" aria-controls=\"elementor-tab-content-2641\" aria-expanded=\"false\">\n\t\t\t\t\t\t\t\t\t\t\t\t<span class=\"elementor-toggle-icon elementor-toggle-icon-left\" aria-hidden=\"true\">\n\t\t\t\t\t\t\t\t\t\t\t\t\t\t\t<span class=\"elementor-toggle-icon-closed\"><svg class=\"e-font-icon-svg e-fas-caret-right\" viewBox=\"0 0 192 512\" xmlns=\"http:\/\/www.w3.org\/2000\/svg\"><path d=\"M0 384.662V127.338c0-17.818 21.543-26.741 34.142-14.142l128.662 128.662c7.81 7.81 7.81 20.474 0 28.284L34.142 398.804C21.543 411.404 0 402.48 0 384.662z\"><\/path><\/svg><\/span>\n\t\t\t\t\t\t\t\t<span class=\"elementor-toggle-icon-opened\"><svg class=\"elementor-toggle-icon-opened e-font-icon-svg e-fas-caret-up\" viewBox=\"0 0 320 512\" xmlns=\"http:\/\/www.w3.org\/2000\/svg\"><path d=\"M288.662 352H31.338c-17.818 0-26.741-21.543-14.142-34.142l128.662-128.662c7.81-7.81 20.474-7.81 28.284 0l128.662 128.662c12.6 12.599 3.676 34.142-14.142 34.142z\"><\/path><\/svg><\/span>\n\t\t\t\t\t\t\t\t\t\t\t\t\t<\/span>\n\t\t\t\t\t\t\t\t\t\t\t\t<a class=\"elementor-toggle-title\" tabindex=\"0\">Treinamento Sobre Revis\u00e3o Sistematica da Literatura<\/a>\n\t\t\t\t\t<\/div>\n\n\t\t\t\t\t<div id=\"elementor-tab-content-2641\" class=\"elementor-tab-content elementor-clearfix\" data-tab=\"1\" role=\"region\" aria-labelledby=\"elementor-tab-title-2641\"><p><a href=\"https:\/\/ceafsn.uem.mz\/wp-content\/uploads\/2025\/03\/fwdprogramtrainingonsystematicreviewfrom24to28m.zip\">Apresenta\u00e7\u00f5es em PowerPoint<\/a><\/p><p><a href=\"https:\/\/ceafsn.uem.mz\/wp-content\/uploads\/2025\/03\/Video-Aula-24_03_2025-Treinamento-Sobre-Revisao-Sistematica-da-Literatura.zip\">Video aula 1<\/a><\/p><p><a href=\"https:\/\/ceafsn.uem.mz\/wp-content\/uploads\/2025\/03\/fwdprogramtrainingonsystematicreviewfrom24to28m.zip\">Video aula 2<\/a><\/p><p><a href=\"https:\/\/ceafsn.uem.mz\/wp-content\/uploads\/2025\/03\/fwdprogramtrainingonsystematicreviewfrom24to28m.zip\">Video aula 3<\/a><\/p><p><a href=\"https:\/\/ceafsn.uem.mz\/wp-content\/uploads\/2025\/03\/Video-Aula-27_03_2025-Treinamento-Sobre-Revisao-Sistematica-da-Literatura.zip\">Video aula 4<\/a><\/p><\/div>\n\t\t\t\t<\/div>\n\t\t\t\t\t\t\t<div class=\"elementor-toggle-item\">\n\t\t\t\t\t<div id=\"elementor-tab-title-2642\" class=\"elementor-tab-title\" data-tab=\"2\" role=\"button\" aria-controls=\"elementor-tab-content-2642\" aria-expanded=\"false\">\n\t\t\t\t\t\t\t\t\t\t\t\t<span class=\"elementor-toggle-icon elementor-toggle-icon-left\" aria-hidden=\"true\">\n\t\t\t\t\t\t\t\t\t\t\t\t\t\t\t<span class=\"elementor-toggle-icon-closed\"><svg class=\"e-font-icon-svg e-fas-caret-right\" viewBox=\"0 0 192 512\" xmlns=\"http:\/\/www.w3.org\/2000\/svg\"><path d=\"M0 384.662V127.338c0-17.818 21.543-26.741 34.142-14.142l128.662 128.662c7.81 7.81 7.81 20.474 0 28.284L34.142 398.804C21.543 411.404 0 402.48 0 384.662z\"><\/path><\/svg><\/span>\n\t\t\t\t\t\t\t\t<span class=\"elementor-toggle-icon-opened\"><svg class=\"elementor-toggle-icon-opened e-font-icon-svg e-fas-caret-up\" viewBox=\"0 0 320 512\" xmlns=\"http:\/\/www.w3.org\/2000\/svg\"><path d=\"M288.662 352H31.338c-17.818 0-26.741-21.543-14.142-34.142l128.662-128.662c7.81-7.81 20.474-7.81 28.284 0l128.662 128.662c12.6 12.599 3.676 34.142-14.142 34.142z\"><\/path><\/svg><\/span>\n\t\t\t\t\t\t\t\t\t\t\t\t\t<\/span>\n\t\t\t\t\t\t\t\t\t\t\t\t<a class=\"elementor-toggle-title\" tabindex=\"0\">Call for submission of proposals: CARP-E<\/a>\n\t\t\t\t\t<\/div>\n\n\t\t\t\t\t<div id=\"elementor-tab-content-2642\" class=\"elementor-tab-content elementor-clearfix\" data-tab=\"2\" role=\"region\" aria-labelledby=\"elementor-tab-title-2642\"><p><a href=\"https:\/\/ceafsn.uem.mz\/wp-content\/uploads\/2025\/03\/CALL_FOR_SUMBISSION_OF_PROPOSALS.pdf\" target=\"_blank\" rel=\"noopener\">Call Nr 01\/2025<\/a><\/p><p><a href=\"https:\/\/ceafsn.uem.mz\/wp-content\/uploads\/2025\/03\/Entrepreneur-Application-Form.docx\" target=\"_blank\" rel=\"noopener\">Entrepreneurs application form<\/a><\/p><p><a href=\"https:\/\/ceafsn.uem.mz\/wp-content\/uploads\/2025\/03\/Financial-Projections-For-STARTUP.xlsx\" target=\"_blank\" rel=\"noopener\">Financial projections for startup<\/a><\/p><p><a href=\"https:\/\/ceafsn.uem.mz\/wp-content\/uploads\/2025\/03\/Annex-7_-CARP-E-Call.docx\" target=\"_blank\" rel=\"noopener\">CARP-E application form<\/a><\/p><p><a href=\"https:\/\/ceafsn.uem.mz\/wp-content\/uploads\/2025\/06\/Call-nr-1.pdf\" target=\"_blank\" rel=\"noopener\">Call Nr 01\/2025<\/a><\/p><p><a href=\"https:\/\/ceafsn.uem.mz\/wp-content\/uploads\/2025\/06\/Call-nr-2.pdf\" target=\"_blank\" rel=\"noopener\">Call Nr 02\/2025<\/a><\/p><p><a href=\"https:\/\/ceafsn.uem.mz\/wp-content\/uploads\/2025\/06\/Call-nr-3.pdf\" target=\"_blank\" rel=\"noopener\">Call Nr 03\/2025<\/a><\/p><p><a href=\"https:\/\/ceafsn.uem.mz\/wp-content\/uploads\/2025\/06\/Call-nr-4.pdf\" target=\"_blank\" rel=\"noopener\">Call Nr 04\/2025<\/a><\/p><p><a href=\"https:\/\/ceafsn.uem.mz\/wp-content\/uploads\/2025\/06\/Call-nr-5.pdf\" target=\"_blank\" rel=\"noopener\">Call Nr 05\/2025<\/a><\/p><p><a href=\"https:\/\/ceafsn.uem.mz\/wp-content\/uploads\/2025\/06\/Call-nr-6.pdf\" target=\"_blank\" rel=\"noopener\">Call Nr 06\/2025<\/a><\/p><p><a href=\"https:\/\/ceafsn.uem.mz\/wp-content\/uploads\/2025\/06\/Call-nr-7.pdf\" target=\"_blank\" rel=\"noopener\">Call Nr 07\/2025<\/a><\/p><p><a href=\"https:\/\/ceafsn.uem.mz\/wp-content\/uploads\/2025\/07\/Call-nr-8.pdf\" target=\"_blank\" rel=\"noopener\">Call Nr 08\/2025<\/a><\/p><\/div>\n\t\t\t\t<\/div>\n\t\t\t\t\t\t\t<div class=\"elementor-toggle-item\">\n\t\t\t\t\t<div id=\"elementor-tab-title-2643\" class=\"elementor-tab-title\" data-tab=\"3\" role=\"button\" aria-controls=\"elementor-tab-content-2643\" aria-expanded=\"false\">\n\t\t\t\t\t\t\t\t\t\t\t\t<span class=\"elementor-toggle-icon elementor-toggle-icon-left\" aria-hidden=\"true\">\n\t\t\t\t\t\t\t\t\t\t\t\t\t\t\t<span class=\"elementor-toggle-icon-closed\"><svg class=\"e-font-icon-svg e-fas-caret-right\" viewBox=\"0 0 192 512\" xmlns=\"http:\/\/www.w3.org\/2000\/svg\"><path d=\"M0 384.662V127.338c0-17.818 21.543-26.741 34.142-14.142l128.662 128.662c7.81 7.81 7.81 20.474 0 28.284L34.142 398.804C21.543 411.404 0 402.48 0 384.662z\"><\/path><\/svg><\/span>\n\t\t\t\t\t\t\t\t<span class=\"elementor-toggle-icon-opened\"><svg class=\"elementor-toggle-icon-opened e-font-icon-svg e-fas-caret-up\" viewBox=\"0 0 320 512\" xmlns=\"http:\/\/www.w3.org\/2000\/svg\"><path d=\"M288.662 352H31.338c-17.818 0-26.741-21.543-14.142-34.142l128.662-128.662c7.81-7.81 20.474-7.81 28.284 0l128.662 128.662c12.6 12.599 3.676 34.142-14.142 34.142z\"><\/path><\/svg><\/span>\n\t\t\t\t\t\t\t\t\t\t\t\t\t<\/span>\n\t\t\t\t\t\t\t\t\t\t\t\t<a class=\"elementor-toggle-title\" tabindex=\"0\">Chamada de inscri\u00e7\u00f5es para o curso de curta dura\u00e7\u00e3o<\/a>\n\t\t\t\t\t<\/div>\n\n\t\t\t\t\t<div id=\"elementor-tab-content-2643\" class=\"elementor-tab-content elementor-clearfix\" data-tab=\"3\" role=\"region\" aria-labelledby=\"elementor-tab-title-2643\"><p><a href=\"https:\/\/ceafsn.uem.mz\/wp-content\/uploads\/2025\/07\/Edital_curso-de-curta-duracao-ISPM-IIAM-UP-UZ.pdf\" target=\"_blank\" rel=\"noopener\"> Chamada de inscri\u00e7\u00f5es para o curso de curta dura\u00e7\u00e3o em t\u00e9cnicas de processamento de frutas e hortali\u00e7as \u00e0s comunidades<\/a><\/p><\/div>\n\t\t\t\t<\/div>\n\t\t\t\t\t\t\t\t<\/div>\n\t\t\t\t<\/div>\n\t\t\t\t<\/div>\n\t\t\t\t\t<\/div>\n\t\t\t\t<\/div>\n\t\t\t\t\t\t\t<\/div>\n\t\t","protected":false},"excerpt":{"rendered":"<p>Curso de Curta Dura\u00e7\u00e3o, Investiga\u00e7\u00e3o e Extens\u00e3o Treinamento Sobre Revis\u00e3o Sistematica da Literatura Apresenta\u00e7\u00f5es em PowerPoint Video aula 1 Video aula 2 Video aula 3 Video aula 4 Call for submission of proposals: CARP-E Call Nr 01\/2025 Entrepreneurs application form Financial projections for startup CARP-E application form Call Nr 01\/2025 Call Nr 02\/2025 Call Nr &hellip;<\/p>\n<p class=\"read-more\"> <a class=\"\" href=\"https:\/\/ceafsn.uem.mz\/index.php\/cursos-de-curta-duracao-investigacao-e-extensao\/\"> <span class=\"screen-reader-text\">Cursos de Curta Dura\u00e7\u00e3o Investiga\u00e7\u00e3o e Extens\u00e3o<\/span> Read More &raquo;<\/a><\/p>\n","protected":false},"author":1,"featured_media":0,"parent":0,"menu_order":0,"comment_status":"closed","ping_status":"closed","template":"","meta":{"site-sidebar-layout":"no-sidebar","site-content-layout":"","ast-site-content-layout":"full-width-container","site-content-style":"default","site-sidebar-style":"default","ast-global-header-display":"","ast-banner-title-visibility":"","ast-main-header-display":"","ast-hfb-above-header-display":"","ast-hfb-below-header-display":"","ast-hfb-mobile-header-display":"","site-post-title":"disabled","ast-breadcrumbs-content":"","ast-featured-img":"disabled","footer-sml-layout":"","theme-transparent-header-meta":"","adv-header-id-meta":"","stick-header-meta":"","header-above-stick-meta":"","header-main-stick-meta":"","header-below-stick-meta":"","astra-migrate-meta-layouts":"","ast-page-background-enabled":"default","ast-page-background-meta":{"desktop":{"background-color":"var(--ast-global-color-4)","background-image":"","background-repeat":"repeat","background-position":"center center","background-size":"auto","background-attachment":"scroll","background-type":"","background-media":"","overlay-type":"","overlay-color":"","overlay-gradient":""},"tablet":{"background-color":"","background-image":"","background-repeat":"repeat","background-position":"center center","background-size":"auto","background-attachment":"scroll","background-type":"","background-media":"","overlay-type":"","overlay-color":"","overlay-gradient":""},"mobile":{"background-color":"","background-image":"","background-repeat":"repeat","background-position":"center center","background-size":"auto","background-attachment":"scroll","background-type":"","background-media":"","overlay-type":"","overlay-color":"","overlay-gradient":""}},"ast-content-background-meta":{"desktop":{"background-color":"var(--ast-global-color-5)","background-image":"","background-repeat":"repeat","background-position":"center center","background-size":"auto","background-attachment":"scroll","background-type":"","background-media":"","overlay-type":"","overlay-color":"","overlay-gradient":""},"tablet":{"background-color":"var(--ast-global-color-5)","background-image":"","background-repeat":"repeat","background-position":"center center","background-size":"auto","background-attachment":"scroll","background-type":"","background-media":"","overlay-type":"","overlay-color":"","overlay-gradient":""},"mobile":{"background-color":"var(--ast-global-color-5)","background-image":"","background-repeat":"repeat","background-position":"center center","background-size":"auto","background-attachment":"scroll","background-type":"","background-media":"","overlay-type":"","overlay-color":"","overlay-gradient":""}},"footnotes":""},"class_list":["post-22","page","type-page","status-publish","hentry"],"_links":{"self":[{"href":"https:\/\/ceafsn.uem.mz\/index.php\/wp-json\/wp\/v2\/pages\/22","targetHints":{"allow":["GET"]}}],"collection":[{"href":"https:\/\/ceafsn.uem.mz\/index.php\/wp-json\/wp\/v2\/pages"}],"about":[{"href":"https:\/\/ceafsn.uem.mz\/index.php\/wp-json\/wp\/v2\/types\/page"}],"author":[{"embeddable":true,"href":"https:\/\/ceafsn.uem.mz\/index.php\/wp-json\/wp\/v2\/users\/1"}],"replies":[{"embeddable":true,"href":"https:\/\/ceafsn.uem.mz\/index.php\/wp-json\/wp\/v2\/comments?post=22"}],"version-history":[{"count":146,"href":"https:\/\/ceafsn.uem.mz\/index.php\/wp-json\/wp\/v2\/pages\/22\/revisions"}],"predecessor-version":[{"id":700,"href":"https:\/\/ceafsn.uem.mz\/index.php\/wp-json\/wp\/v2\/pages\/22\/revisions\/700"}],"wp:attachment":[{"href":"https:\/\/ceafsn.uem.mz\/index.php\/wp-json\/wp\/v2\/media?parent=22"}],"curies":[{"name":"wp","href":"https:\/\/api.w.org\/{rel}","templated":true}]}}