{"id":28,"date":"2023-11-02T09:44:35","date_gmt":"2023-11-02T09:44:35","guid":{"rendered":"https:\/\/ceafsn.uem.mz\/?page_id=28"},"modified":"2025-09-29T13:10:15","modified_gmt":"2025-09-29T13:10:15","slug":"publicacoes","status":"publish","type":"page","link":"https:\/\/ceafsn.uem.mz\/index.php\/publicacoes\/","title":{"rendered":"Publica\u00e7\u00f5es"},"content":{"rendered":"\t\t<div data-elementor-type=\"wp-page\" data-elementor-id=\"28\" class=\"elementor elementor-28\">\n\t\t\t\t\t\t\t<div class=\"elementor-element elementor-element-7f3da89 e-flex e-con-boxed e-con e-parent\" data-id=\"7f3da89\" data-element_type=\"container\" data-settings=\"{&quot;content_width&quot;:&quot;boxed&quot;}\" data-core-v316-plus=\"true\">\n\t\t\t\t\t<div class=\"e-con-inner\">\n\t\t\t\t<div class=\"elementor-element elementor-element-77e2c62 elementor-widget elementor-widget-heading\" data-id=\"77e2c62\" data-element_type=\"widget\" data-widget_type=\"heading.default\">\n\t\t\t\t<div class=\"elementor-widget-container\">\n\t\t\t<style>\/*! elementor - v3.18.0 - 06-12-2023 *\/\n.elementor-heading-title{padding:0;margin:0;line-height:1}.elementor-widget-heading .elementor-heading-title[class*=elementor-size-]>a{color:inherit;font-size:inherit;line-height:inherit}.elementor-widget-heading .elementor-heading-title.elementor-size-small{font-size:15px}.elementor-widget-heading .elementor-heading-title.elementor-size-medium{font-size:19px}.elementor-widget-heading .elementor-heading-title.elementor-size-large{font-size:29px}.elementor-widget-heading .elementor-heading-title.elementor-size-xl{font-size:39px}.elementor-widget-heading .elementor-heading-title.elementor-size-xxl{font-size:59px}<\/style><h2 class=\"elementor-heading-title elementor-size-default\"><h2 data-elementor-setting-key=\"title\" data-pen-placeholder=\"Type Here...\" style=\"font-style: normal; font-weight: 600; font-family: Roboto, sans-serif; color: rgba(54, 101, 56, 0.99);\">Publica\u00e7\u00f5es<span style=\"color: rgb(110, 193, 228); font-size: 2rem; font-style: inherit;\"><\/span><\/h2><\/h2>\t\t<\/div>\n\t\t\t\t<\/div>\n\t\t\t\t<div class=\"elementor-element elementor-element-9fe584a elementor-widget elementor-widget-heading\" data-id=\"9fe584a\" data-element_type=\"widget\" data-widget_type=\"heading.default\">\n\t\t\t\t<div class=\"elementor-widget-container\">\n\t\t\t<p class=\"elementor-heading-title elementor-size-default\"><a href=\"https:\/\/ceafsn.uem.mz\/wp-content\/uploads\/2025\/09\/call_edital_nr_05_2025.pdf\">CHAMADA PARA SUBMISS\u00c3O DE ARTIGOS CIENT\u00cdFICOS PARA ATRIBUI\u00c7\u00c3O DE INCENTIVO \u00c0 PUBLICA\u00c7\u00c3O CIENT\u00cdFICA NO \u00c2MBITO DO PROJECTO ACE-II IMPLEMENTADO PELO CENTRO DE EXCEL\u00caNCIA EM SISTEMAS AGRO-ALIMENTARES E NUTRI\u00c7\u00c3O (CE-AFSN)<\/a><\/p>\t\t<\/div>\n\t\t\t\t<\/div>\n\t\t\t\t<div class=\"elementor-element elementor-element-df23edc elementor-widget elementor-widget-heading\" data-id=\"df23edc\" data-element_type=\"widget\" data-widget_type=\"heading.default\">\n\t\t\t\t<div class=\"elementor-widget-container\">\n\t\t\t<p class=\"elementor-heading-title elementor-size-default\"><a href=\"https:\/\/ceafsn.uem.mz\/wp-content\/uploads\/2025\/09\/circular_nr_001_2025.pdf\">RESULTADOS DO PROCESSO DE AVALIA\u00c7\u00c3O DE ARTIGOS CIENT\u00cdFICOS PARA ATRIBUI\u00c7\u00c3O DE INCENTIVO \u00c0 PUBLICA\u00c7\u00c3O CIENT\u00cdFICA NO \u00c2MBITO DO PROJECTO ACE-II IMPLENTADO PELO CENTRO DE EXCEL\u00caNCIA EM SISTEMAS AGRO-ALIMENTARES E NUTRI\u00c7\u00c3O (CE-AFSN) RONDA 4<\/a><\/p>\t\t<\/div>\n\t\t\t\t<\/div>\n\t\t\t\t\t<\/div>\n\t\t\t\t<\/div>\n\t\t\t\t\t\t\t<\/div>\n\t\t","protected":false},"excerpt":{"rendered":"<p>Publica\u00e7\u00f5es CHAMADA PARA SUBMISS\u00c3O DE ARTIGOS CIENT\u00cdFICOS PARA ATRIBUI\u00c7\u00c3O DE INCENTIVO \u00c0 PUBLICA\u00c7\u00c3O CIENT\u00cdFICA NO \u00c2MBITO DO PROJECTO ACE-II IMPLEMENTADO PELO CENTRO DE EXCEL\u00caNCIA EM SISTEMAS AGRO-ALIMENTARES E NUTRI\u00c7\u00c3O (CE-AFSN) RESULTADOS DO PROCESSO DE AVALIA\u00c7\u00c3O DE ARTIGOS CIENT\u00cdFICOS PARA ATRIBUI\u00c7\u00c3O DE INCENTIVO \u00c0 PUBLICA\u00c7\u00c3O CIENT\u00cdFICA NO \u00c2MBITO DO PROJECTO ACE-II IMPLENTADO PELO CENTRO DE EXCEL\u00caNCIA &hellip;<\/p>\n<p class=\"read-more\"> <a class=\"\" href=\"https:\/\/ceafsn.uem.mz\/index.php\/publicacoes\/\"> <span class=\"screen-reader-text\">Publica\u00e7\u00f5es<\/span> Read More &raquo;<\/a><\/p>\n","protected":false},"author":1,"featured_media":0,"parent":0,"menu_order":0,"comment_status":"closed","ping_status":"closed","template":"","meta":{"site-sidebar-layout":"no-sidebar","site-content-layout":"","ast-site-content-layout":"full-width-container","site-content-style":"default","site-sidebar-style":"default","ast-global-header-display":"","ast-banner-title-visibility":"","ast-main-header-display":"","ast-hfb-above-header-display":"","ast-hfb-below-header-display":"","ast-hfb-mobile-header-display":"","site-post-title":"disabled","ast-breadcrumbs-content":"","ast-featured-img":"disabled","footer-sml-layout":"","theme-transparent-header-meta":"","adv-header-id-meta":"","stick-header-meta":"","header-above-stick-meta":"","header-main-stick-meta":"","header-below-stick-meta":"","astra-migrate-meta-layouts":"","ast-page-background-enabled":"default","ast-page-background-meta":{"desktop":{"background-color":"var(--ast-global-color-4)","background-image":"","background-repeat":"repeat","background-position":"center center","background-size":"auto","background-attachment":"scroll","background-type":"","background-media":"","overlay-type":"","overlay-color":"","overlay-gradient":""},"tablet":{"background-color":"","background-image":"","background-repeat":"repeat","background-position":"center center","background-size":"auto","background-attachment":"scroll","background-type":"","background-media":"","overlay-type":"","overlay-color":"","overlay-gradient":""},"mobile":{"background-color":"","background-image":"","background-repeat":"repeat","background-position":"center center","background-size":"auto","background-attachment":"scroll","background-type":"","background-media":"","overlay-type":"","overlay-color":"","overlay-gradient":""}},"ast-content-background-meta":{"desktop":{"background-color":"var(--ast-global-color-5)","background-image":"","background-repeat":"repeat","background-position":"center center","background-size":"auto","background-attachment":"scroll","background-type":"","background-media":"","overlay-type":"","overlay-color":"","overlay-gradient":""},"tablet":{"background-color":"var(--ast-global-color-5)","background-image":"","background-repeat":"repeat","background-position":"center center","background-size":"auto","background-attachment":"scroll","background-type":"","background-media":"","overlay-type":"","overlay-color":"","overlay-gradient":""},"mobile":{"background-color":"var(--ast-global-color-5)","background-image":"","background-repeat":"repeat","background-position":"center center","background-size":"auto","background-attachment":"scroll","background-type":"","background-media":"","overlay-type":"","overlay-color":"","overlay-gradient":""}},"footnotes":""},"class_list":["post-28","page","type-page","status-publish","hentry"],"_links":{"self":[{"href":"https:\/\/ceafsn.uem.mz\/index.php\/wp-json\/wp\/v2\/pages\/28","targetHints":{"allow":["GET"]}}],"collection":[{"href":"https:\/\/ceafsn.uem.mz\/index.php\/wp-json\/wp\/v2\/pages"}],"about":[{"href":"https:\/\/ceafsn.uem.mz\/index.php\/wp-json\/wp\/v2\/types\/page"}],"author":[{"embeddable":true,"href":"https:\/\/ceafsn.uem.mz\/index.php\/wp-json\/wp\/v2\/users\/1"}],"replies":[{"embeddable":true,"href":"https:\/\/ceafsn.uem.mz\/index.php\/wp-json\/wp\/v2\/comments?post=28"}],"version-history":[{"count":25,"href":"https:\/\/ceafsn.uem.mz\/index.php\/wp-json\/wp\/v2\/pages\/28\/revisions"}],"predecessor-version":[{"id":729,"href":"https:\/\/ceafsn.uem.mz\/index.php\/wp-json\/wp\/v2\/pages\/28\/revisions\/729"}],"wp:attachment":[{"href":"https:\/\/ceafsn.uem.mz\/index.php\/wp-json\/wp\/v2\/media?parent=28"}],"curies":[{"name":"wp","href":"https:\/\/api.w.org\/{rel}","templated":true}]}}